{"id":55,"date":"2014-05-09T11:28:12","date_gmt":"2014-05-09T11:28:12","guid":{"rendered":"http:\/\/inspirythemesdemo.com\/medicalpress\/?page_id=55"},"modified":"2019-09-18T23:55:22","modified_gmt":"2019-09-18T20:55:22","slug":"personel","status":"publish","type":"page","link":"https:\/\/bergama11noluasm.gov.tr\/?page_id=55","title":{"rendered":"\u00c7al\u0131\u015fanlar"},"content":{"rendered":"<h2 style=\"text-align: center;\"><\/h2>\n<p style=\"text-align: center;\">\n","protected":false},"excerpt":{"rendered":"","protected":false},"author":1,"featured_media":0,"parent":0,"menu_order":0,"comment_status":"closed","ping_status":"closed","template":"templates\/doctors-three-col.php","meta":{"_monsterinsights_skip_tracking":false,"_monsterinsights_sitenote_active":false,"_monsterinsights_sitenote_note":"","_monsterinsights_sitenote_category":0,"footnotes":""},"class_list":["post-55","page","type-page","status-publish","hentry"],"_links":{"self":[{"href":"https:\/\/bergama11noluasm.gov.tr\/index.php?rest_route=\/wp\/v2\/pages\/55","targetHints":{"allow":["GET"]}}],"collection":[{"href":"https:\/\/bergama11noluasm.gov.tr\/index.php?rest_route=\/wp\/v2\/pages"}],"about":[{"href":"https:\/\/bergama11noluasm.gov.tr\/index.php?rest_route=\/wp\/v2\/types\/page"}],"author":[{"embeddable":true,"href":"https:\/\/bergama11noluasm.gov.tr\/index.php?rest_route=\/wp\/v2\/users\/1"}],"replies":[{"embeddable":true,"href":"https:\/\/bergama11noluasm.gov.tr\/index.php?rest_route=%2Fwp%2Fv2%2Fcomments&post=55"}],"version-history":[{"count":6,"href":"https:\/\/bergama11noluasm.gov.tr\/index.php?rest_route=\/wp\/v2\/pages\/55\/revisions"}],"predecessor-version":[{"id":768,"href":"https:\/\/bergama11noluasm.gov.tr\/index.php?rest_route=\/wp\/v2\/pages\/55\/revisions\/768"}],"wp:attachment":[{"href":"https:\/\/bergama11noluasm.gov.tr\/index.php?rest_route=%2Fwp%2Fv2%2Fmedia&parent=55"}],"curies":[{"name":"wp","href":"https:\/\/api.w.org\/{rel}","templated":true}]}}