{"id":182,"date":"2014-05-12T06:04:36","date_gmt":"2014-05-12T06:04:36","guid":{"rendered":"http:\/\/inspirythemesdemo.com\/medicalpress\/?page_id=182"},"modified":"2019-07-23T13:17:24","modified_gmt":"2019-07-23T10:17:24","slug":"kisaltmalar","status":"publish","type":"page","link":"https:\/\/bergama11noluasm.gov.tr\/?page_id=182","title":{"rendered":"K\u0131saltmalar"},"content":{"rendered":"<p><strong>Sa\u011fl\u0131k Uygulama Tebli\u011fi Ekindeki Te\u015fhis K\u0131saltmalar\u0131 Listesi<\/strong><\/p>\n<p>1) T\u00fcberk\u00fcloz Tbc, TB<br \/>\n2) Kanser Ca<br \/>\n3) Kronik B\u00f6brek Hastal\u0131klar\u0131, KBY<br \/>\n4) Kronik Renal Yetmezlik KRY<br \/>\n5) Organ ve Doku Nakli Tx<br \/>\n6) Myokard Enfarkt\u00fcs\u00fc MI<br \/>\n7) Kalp Yetmezli\u011fi KY<br \/>\n8) Konjestif Kalp Yetmezli\u011fi KKY<br \/>\n9) \u0130skemik Kalp Hastal\u0131\u011f\u0131 \u0130KH<br \/>\n10) Koroner Arter Hastal\u0131\u011f\u0131 KAH<br \/>\n11) Koroner Arter BypassGraft CABG<br \/>\n12) Mitral Valf Replasman\u0131 MVR<br \/>\n13) Aortik Valf Replasman\u0131 AVR<br \/>\n14) Hipertansiyon HT<br \/>\n15) Hiperlipidemi HL<br \/>\n16) Akut Romatizmal Ate\u015f ARA<br \/>\n17) Pulmoner Hipertansiyon Pulm.HT<br \/>\n18) Kronik Obstr\u00fcktif Akci\u011fer Hastal\u0131klar\u0131 KOAH<br \/>\n19) Ailevi Akdeniz Ate\u015fi FMF<br \/>\n20) Diabetes Mellitus DM 2<br \/>\n21) Trombotik Trombositopenik Purpura TTP<br \/>\n22) Akut Lenfoblast\u0131k L\u00f6semi ALL<br \/>\n23) Kronik Lenfositik L\u00f6semi KLL<br \/>\n24) Akut M\u0131yoloblast\u0131k L\u00f6semi AML<br \/>\n25) Kronik Miyelositik L\u00f6semi KML<br \/>\n26) Myelodisplazik Sendrom MDS<br \/>\n27) Sistemik Lupus Eritematozus SLE<br \/>\n28) Derin Ven Trombozu DVT<br \/>\n29) Osteoartrit OA<br \/>\n30) Poliarteritis Nodosa PAN<br \/>\n31) Subakut Sklerozan Panansafalit SSPE<br \/>\n32) NonHodgk\u0131n Lenfoma NHL<br \/>\n33) Multiple Skleroz MS<br \/>\n34) Polikistik Over Sendromu PCOS<br \/>\n35) Pelvik \u0130nflamatuar Hastal\u0131k PID veya PEH<br \/>\n36) Romatoit Artrit RA<br \/>\n37) Serebrovask\u00fcler Hastal\u0131k SVH, CVH<br \/>\n38) \u00dcst Solunum Yolu Enfeksiyonu \u00dcSYE<br \/>\n39) Alt Solunum Yolu Enfeksiyonu ASYE<br \/>\n40) Akut Gastroenterit AGE<br \/>\n41) Gastro\u00f6zafagial Refl\u00fc Hastal\u0131\u011f\u0131 G\u00d6RH<br \/>\n42) Peptik \u00dclser P.U. , P.ULCUS<br \/>\n43) Helicobacter Pylory HP, H.P\u0130LOR\u0130<br \/>\n44) \u0130nflamatuar Barsak Hastal\u0131\u011f\u0131 \u0130BS<br \/>\n45) ObsesifKombulsif Bozukluk OKB<br \/>\n46) \u015eizofrenia SCH<br \/>\n47) Tinea Pedis T.PED\u0130S<br \/>\n48) \u0130nsan \u0130mmun Yetersizlik Vir\u00fcs\u00fc HIV, A\u0130DS<br \/>\n49) Bening Prostat Hiperplazisi BPH<br \/>\n50) \u00dcriner Enfeksiyon \u00dc.ENF, \u0130YE<br \/>\n51) \u0130nvitro fertilizasyon IVF<br \/>\n52) Akut Otitis Media AOM<br \/>\n53) Kronik K. Kr.<br \/>\n54) Yumu\u015fak Doku Enfeksiyonu YDE<br \/>\n55) Akut A.<\/p>\n","protected":false},"excerpt":{"rendered":"<p>Sa\u011fl\u0131k Uygulama Tebli\u011fi Ekindeki Te\u015fhis K\u0131saltmalar\u0131 Listesi 1) T\u00fcberk\u00fcloz Tbc, TB 2) Kanser Ca 3) Kronik B\u00f6brek Hastal\u0131klar\u0131, KBY 4) Kronik Renal Yetmezlik KRY 5) Organ ve Doku Nakli Tx 6) Myokard Enfarkt\u00fcs\u00fc MI 7) Kalp Yetmezli\u011fi KY 8) Konjestif Kalp Yetmezli\u011fi KKY 9) \u0130skemik Kalp Hastal\u0131\u011f\u0131 \u0130KH 10) Koroner Arter Hastal\u0131\u011f\u0131 KAH 11) Koroner [&hellip;]<\/p>\n","protected":false},"author":1,"featured_media":0,"parent":0,"menu_order":0,"comment_status":"closed","ping_status":"closed","template":"","meta":{"_monsterinsights_skip_tracking":false,"_monsterinsights_sitenote_active":false,"_monsterinsights_sitenote_note":"","_monsterinsights_sitenote_category":0,"footnotes":""},"class_list":["post-182","page","type-page","status-publish","hentry"],"_links":{"self":[{"href":"https:\/\/bergama11noluasm.gov.tr\/index.php?rest_route=\/wp\/v2\/pages\/182","targetHints":{"allow":["GET"]}}],"collection":[{"href":"https:\/\/bergama11noluasm.gov.tr\/index.php?rest_route=\/wp\/v2\/pages"}],"about":[{"href":"https:\/\/bergama11noluasm.gov.tr\/index.php?rest_route=\/wp\/v2\/types\/page"}],"author":[{"embeddable":true,"href":"https:\/\/bergama11noluasm.gov.tr\/index.php?rest_route=\/wp\/v2\/users\/1"}],"replies":[{"embeddable":true,"href":"https:\/\/bergama11noluasm.gov.tr\/index.php?rest_route=%2Fwp%2Fv2%2Fcomments&post=182"}],"version-history":[{"count":2,"href":"https:\/\/bergama11noluasm.gov.tr\/index.php?rest_route=\/wp\/v2\/pages\/182\/revisions"}],"predecessor-version":[{"id":581,"href":"https:\/\/bergama11noluasm.gov.tr\/index.php?rest_route=\/wp\/v2\/pages\/182\/revisions\/581"}],"wp:attachment":[{"href":"https:\/\/bergama11noluasm.gov.tr\/index.php?rest_route=%2Fwp%2Fv2%2Fmedia&parent=182"}],"curies":[{"name":"wp","href":"https:\/\/api.w.org\/{rel}","templated":true}]}}