{"id":177,"date":"2014-05-12T05:48:59","date_gmt":"2014-05-12T05:48:59","guid":{"rendered":"http:\/\/inspirythemesdemo.com\/medicalpress\/?page_id=177"},"modified":"2025-06-13T13:28:40","modified_gmt":"2025-06-13T10:28:40","slug":"iletisim","status":"publish","type":"page","link":"https:\/\/bergama11noluasm.gov.tr\/?page_id=177","title":{"rendered":"\u0130leti\u015fim"},"content":{"rendered":"<blockquote><p><strong><a href=\"https:\/\/bergamasm.ism.gov.tr\/\">Bergama \u0130l\u00e7e Sa\u011fl\u0131k M\u00fcd\u00fcrl\u00fc\u011f\u00fc :<\/a>\u00a0 \u00a0<\/strong><\/p>\n<p>Zafer Mahallesi 23. Sokak 1. Basamak Sa\u011fl\u0131k Kompleksi No:8 BERGAMA<\/p>\n<p>+90 232 632 7743<\/p><\/blockquote>\n<blockquote><p><a href=\"https:\/\/izmirism.saglik.gov.tr\/\"><strong>\u0130zmir \u0130l Sa\u011fl\u0131k M\u00fcd\u00fcrl\u00fc\u011f\u00fc :<\/strong>\u00a0<\/a><\/p>\n<p>S\u00fcmer Mahallesi 451. Sk. No:2 Konak\/\u0130ZM\u0130R<\/p>\n<p>0232 441 81 11<\/p><\/blockquote>\n<p><iframe loading=\"lazy\" style=\"border: 0;\" src=\"https:\/\/www.google.com\/maps\/embed?pb=!1m18!1m12!1m3!1d1548.052767529543!2d27.165779071998408!3d39.10406739638305!2m3!1f0!2f0!3f0!3m2!1i1024!2i768!4f13.1!3m3!1m2!1s0x14ba0298bb19055f%3A0x7d9fbe40cb21c2d5!2sAile+Sa%C4%9Fli%C4%9Fi+Merkezi!5e0!3m2!1str!2str!4v1565135063910!5m2!1str!2str\" width=\"600\" height=\"450\" frameborder=\"0\" allowfullscreen=\"allowfullscreen\"><span data-mce-type=\"bookmark\" style=\"display: inline-block; width: 0px; overflow: hidden; line-height: 0;\" class=\"mce_SELRES_start\">\ufeff<\/span><\/iframe><\/p>\n","protected":false},"excerpt":{"rendered":"<p>Bergama \u0130l\u00e7e Sa\u011fl\u0131k M\u00fcd\u00fcrl\u00fc\u011f\u00fc :\u00a0 \u00a0 Zafer Mahallesi 23. Sokak 1. Basamak Sa\u011fl\u0131k Kompleksi No:8 BERGAMA +90 232 632 7743 \u0130zmir \u0130l Sa\u011fl\u0131k M\u00fcd\u00fcrl\u00fc\u011f\u00fc :\u00a0 S\u00fcmer Mahallesi 451. Sk. No:2 Konak\/\u0130ZM\u0130R 0232 441 81 11 \ufeff<\/p>\n","protected":false},"author":1,"featured_media":0,"parent":0,"menu_order":0,"comment_status":"closed","ping_status":"closed","template":"templates\/contact.php","meta":{"_monsterinsights_skip_tracking":false,"_monsterinsights_sitenote_active":false,"_monsterinsights_sitenote_note":"","_monsterinsights_sitenote_category":0,"footnotes":""},"class_list":["post-177","page","type-page","status-publish","hentry"],"_links":{"self":[{"href":"https:\/\/bergama11noluasm.gov.tr\/index.php?rest_route=\/wp\/v2\/pages\/177","targetHints":{"allow":["GET"]}}],"collection":[{"href":"https:\/\/bergama11noluasm.gov.tr\/index.php?rest_route=\/wp\/v2\/pages"}],"about":[{"href":"https:\/\/bergama11noluasm.gov.tr\/index.php?rest_route=\/wp\/v2\/types\/page"}],"author":[{"embeddable":true,"href":"https:\/\/bergama11noluasm.gov.tr\/index.php?rest_route=\/wp\/v2\/users\/1"}],"replies":[{"embeddable":true,"href":"https:\/\/bergama11noluasm.gov.tr\/index.php?rest_route=%2Fwp%2Fv2%2Fcomments&post=177"}],"version-history":[{"count":9,"href":"https:\/\/bergama11noluasm.gov.tr\/index.php?rest_route=\/wp\/v2\/pages\/177\/revisions"}],"predecessor-version":[{"id":863,"href":"https:\/\/bergama11noluasm.gov.tr\/index.php?rest_route=\/wp\/v2\/pages\/177\/revisions\/863"}],"wp:attachment":[{"href":"https:\/\/bergama11noluasm.gov.tr\/index.php?rest_route=%2Fwp%2Fv2%2Fmedia&parent=177"}],"curies":[{"name":"wp","href":"https:\/\/api.w.org\/{rel}","templated":true}]}}