{"id":140,"date":"2014-05-10T18:07:13","date_gmt":"2014-05-10T18:07:13","guid":{"rendered":"http:\/\/inspirythemesdemo.com\/medicalpress\/?page_id=140"},"modified":"2019-07-23T13:03:49","modified_gmt":"2019-07-23T10:03:49","slug":"sikca-sorulan-sorular","status":"publish","type":"page","link":"https:\/\/bergama11noluasm.gov.tr\/?page_id=140","title":{"rendered":"S\u0131k\u00e7a Sorulan Sorular"},"content":{"rendered":"<h1>S\u0131k\u00e7a Sorulan Sorular<\/h1>\n","protected":false},"excerpt":{"rendered":"<p>S\u0131k\u00e7a Sorulan Sorular<\/p>\n","protected":false},"author":1,"featured_media":0,"parent":0,"menu_order":0,"comment_status":"closed","ping_status":"closed","template":"templates\/faq-fullwidth.php","meta":{"_monsterinsights_skip_tracking":false,"_monsterinsights_sitenote_active":false,"_monsterinsights_sitenote_note":"","_monsterinsights_sitenote_category":0,"footnotes":""},"class_list":["post-140","page","type-page","status-publish","hentry"],"_links":{"self":[{"href":"https:\/\/bergama11noluasm.gov.tr\/index.php?rest_route=\/wp\/v2\/pages\/140","targetHints":{"allow":["GET"]}}],"collection":[{"href":"https:\/\/bergama11noluasm.gov.tr\/index.php?rest_route=\/wp\/v2\/pages"}],"about":[{"href":"https:\/\/bergama11noluasm.gov.tr\/index.php?rest_route=\/wp\/v2\/types\/page"}],"author":[{"embeddable":true,"href":"https:\/\/bergama11noluasm.gov.tr\/index.php?rest_route=\/wp\/v2\/users\/1"}],"replies":[{"embeddable":true,"href":"https:\/\/bergama11noluasm.gov.tr\/index.php?rest_route=%2Fwp%2Fv2%2Fcomments&post=140"}],"version-history":[{"count":3,"href":"https:\/\/bergama11noluasm.gov.tr\/index.php?rest_route=\/wp\/v2\/pages\/140\/revisions"}],"predecessor-version":[{"id":571,"href":"https:\/\/bergama11noluasm.gov.tr\/index.php?rest_route=\/wp\/v2\/pages\/140\/revisions\/571"}],"wp:attachment":[{"href":"https:\/\/bergama11noluasm.gov.tr\/index.php?rest_route=%2Fwp%2Fv2%2Fmedia&parent=140"}],"curies":[{"name":"wp","href":"https:\/\/api.w.org\/{rel}","templated":true}]}}