{"id":11,"date":"2014-05-08T08:32:49","date_gmt":"2014-05-08T08:32:49","guid":{"rendered":"http:\/\/inspirythemesdemo.com\/medicalpress\/?page_id=11"},"modified":"2025-05-25T22:08:48","modified_gmt":"2025-05-25T19:08:48","slug":"home","status":"publish","type":"page","link":"https:\/\/bergama11noluasm.gov.tr\/","title":{"rendered":"Anasayfa"},"content":{"rendered":"<blockquote><p>Doktorlar\u0131m\u0131z\u0131n \u00c7al\u0131\u015fma Saatleri<\/p><\/blockquote>\n<p>&nbsp;<\/p>\n<p><img loading=\"lazy\" decoding=\"async\" class=\"aligncenter wp-image-833 size-large\" src=\"https:\/\/bergama11noluasm.gov.tr\/wp-content\/uploads\/2019\/08\/suatcs-1024x724.png\" alt=\"\" width=\"1024\" height=\"724\" srcset=\"https:\/\/bergama11noluasm.gov.tr\/wp-content\/uploads\/2019\/08\/suatcs-1024x724.png 1024w, https:\/\/bergama11noluasm.gov.tr\/wp-content\/uploads\/2019\/08\/suatcs-300x212.png 300w, https:\/\/bergama11noluasm.gov.tr\/wp-content\/uploads\/2019\/08\/suatcs-768x543.png 768w, https:\/\/bergama11noluasm.gov.tr\/wp-content\/uploads\/2019\/08\/suatcs-1536x1086.png 1536w, https:\/\/bergama11noluasm.gov.tr\/wp-content\/uploads\/2019\/08\/suatcs-2048x1448.png 2048w, https:\/\/bergama11noluasm.gov.tr\/wp-content\/uploads\/2019\/08\/suatcs-732x518.png 732w, https:\/\/bergama11noluasm.gov.tr\/wp-content\/uploads\/2019\/08\/suatcs-1140x806.png 1140w\" sizes=\"auto, (max-width: 1024px) 100vw, 1024px\" \/> <img loading=\"lazy\" decoding=\"async\" class=\"aligncenter wp-image-832 size-large\" src=\"https:\/\/bergama11noluasm.gov.tr\/wp-content\/uploads\/2019\/08\/isilcs-1024x724.png\" alt=\"\" width=\"1024\" height=\"724\" srcset=\"https:\/\/bergama11noluasm.gov.tr\/wp-content\/uploads\/2019\/08\/isilcs-1024x724.png 1024w, https:\/\/bergama11noluasm.gov.tr\/wp-content\/uploads\/2019\/08\/isilcs-300x212.png 300w, https:\/\/bergama11noluasm.gov.tr\/wp-content\/uploads\/2019\/08\/isilcs-768x543.png 768w, https:\/\/bergama11noluasm.gov.tr\/wp-content\/uploads\/2019\/08\/isilcs-1536x1086.png 1536w, https:\/\/bergama11noluasm.gov.tr\/wp-content\/uploads\/2019\/08\/isilcs-2048x1448.png 2048w, https:\/\/bergama11noluasm.gov.tr\/wp-content\/uploads\/2019\/08\/isilcs-732x518.png 732w, https:\/\/bergama11noluasm.gov.tr\/wp-content\/uploads\/2019\/08\/isilcs-1140x806.png 1140w\" sizes=\"auto, (max-width: 1024px) 100vw, 1024px\" \/> <img loading=\"lazy\" decoding=\"async\" class=\"aligncenter wp-image-831 size-large\" src=\"https:\/\/bergama11noluasm.gov.tr\/wp-content\/uploads\/2019\/08\/erolcs-1024x724.png\" alt=\"\" width=\"1024\" height=\"724\" srcset=\"https:\/\/bergama11noluasm.gov.tr\/wp-content\/uploads\/2019\/08\/erolcs-1024x724.png 1024w, https:\/\/bergama11noluasm.gov.tr\/wp-content\/uploads\/2019\/08\/erolcs-300x212.png 300w, https:\/\/bergama11noluasm.gov.tr\/wp-content\/uploads\/2019\/08\/erolcs-768x543.png 768w, https:\/\/bergama11noluasm.gov.tr\/wp-content\/uploads\/2019\/08\/erolcs-1536x1086.png 1536w, https:\/\/bergama11noluasm.gov.tr\/wp-content\/uploads\/2019\/08\/erolcs-2048x1448.png 2048w, https:\/\/bergama11noluasm.gov.tr\/wp-content\/uploads\/2019\/08\/erolcs-732x518.png 732w, https:\/\/bergama11noluasm.gov.tr\/wp-content\/uploads\/2019\/08\/erolcs-1140x806.png 1140w\" sizes=\"auto, (max-width: 1024px) 100vw, 1024px\" \/> <img loading=\"lazy\" decoding=\"async\" class=\"aligncenter size-large wp-image-830\" src=\"https:\/\/bergama11noluasm.gov.tr\/wp-content\/uploads\/2019\/08\/abidincs-1024x724.png\" alt=\"\" width=\"1024\" height=\"724\" srcset=\"https:\/\/bergama11noluasm.gov.tr\/wp-content\/uploads\/2019\/08\/abidincs-1024x724.png 1024w, https:\/\/bergama11noluasm.gov.tr\/wp-content\/uploads\/2019\/08\/abidincs-300x212.png 300w, https:\/\/bergama11noluasm.gov.tr\/wp-content\/uploads\/2019\/08\/abidincs-768x543.png 768w, https:\/\/bergama11noluasm.gov.tr\/wp-content\/uploads\/2019\/08\/abidincs-1536x1086.png 1536w, https:\/\/bergama11noluasm.gov.tr\/wp-content\/uploads\/2019\/08\/abidincs-2048x1448.png 2048w, https:\/\/bergama11noluasm.gov.tr\/wp-content\/uploads\/2019\/08\/abidincs-732x518.png 732w, https:\/\/bergama11noluasm.gov.tr\/wp-content\/uploads\/2019\/08\/abidincs-1140x806.png 1140w\" sizes=\"auto, (max-width: 1024px) 100vw, 1024px\" \/><\/p>\n","protected":false},"excerpt":{"rendered":"<p>Doktorlar\u0131m\u0131z\u0131n \u00c7al\u0131\u015fma Saatleri &nbsp;<\/p>\n","protected":false},"author":1,"featured_media":0,"parent":0,"menu_order":0,"comment_status":"open","ping_status":"open","template":"templates\/home.php","meta":{"_monsterinsights_skip_tracking":false,"_monsterinsights_sitenote_active":false,"_monsterinsights_sitenote_note":"","_monsterinsights_sitenote_category":0,"footnotes":""},"class_list":["post-11","page","type-page","status-publish","hentry"],"_links":{"self":[{"href":"https:\/\/bergama11noluasm.gov.tr\/index.php?rest_route=\/wp\/v2\/pages\/11","targetHints":{"allow":["GET"]}}],"collection":[{"href":"https:\/\/bergama11noluasm.gov.tr\/index.php?rest_route=\/wp\/v2\/pages"}],"about":[{"href":"https:\/\/bergama11noluasm.gov.tr\/index.php?rest_route=\/wp\/v2\/types\/page"}],"author":[{"embeddable":true,"href":"https:\/\/bergama11noluasm.gov.tr\/index.php?rest_route=\/wp\/v2\/users\/1"}],"replies":[{"embeddable":true,"href":"https:\/\/bergama11noluasm.gov.tr\/index.php?rest_route=%2Fwp%2Fv2%2Fcomments&post=11"}],"version-history":[{"count":10,"href":"https:\/\/bergama11noluasm.gov.tr\/index.php?rest_route=\/wp\/v2\/pages\/11\/revisions"}],"predecessor-version":[{"id":842,"href":"https:\/\/bergama11noluasm.gov.tr\/index.php?rest_route=\/wp\/v2\/pages\/11\/revisions\/842"}],"wp:attachment":[{"href":"https:\/\/bergama11noluasm.gov.tr\/index.php?rest_route=%2Fwp%2Fv2%2Fmedia&parent=11"}],"curies":[{"name":"wp","href":"https:\/\/api.w.org\/{rel}","templated":true}]}}